{"id":8168,"date":"2020-03-22T16:41:07","date_gmt":"2020-03-22T15:41:07","guid":{"rendered":"https:\/\/ecole-saint-aubin.fr\/?page_id=8168"},"modified":"2020-04-10T10:55:33","modified_gmt":"2020-04-10T08:55:33","slug":"journal-de-bord-des-cm","status":"publish","type":"page","link":"https:\/\/ecole-saint-aubin.fr\/index.php\/journal-de-bord-des-cm\/","title":{"rendered":"JOURNAL DE BORD DES CM"},"content":{"rendered":"<p>Pendant cette p\u00e9riode de confinement, nous allons \u00e9crire tous les jours dans notre journal de bord pour raconter nos journ\u00e9es ou des moments que l&rsquo;on souhaite partager, dont on veut se souvenir&#8230;<\/p>\n<p><a href=\"https:\/\/ecole-saint-aubin.fr\/wp-content\/uploads\/2020\/03\/Travail-d\u00e9criture-CM-confinement.pdf\">Travail d&rsquo;\u00e9criture CM- confinement<\/a><\/p>\n<p>Un travail d&rsquo;\u00e9criture et de m\u00e9moire qui nous permet aussi de joindre l&rsquo;utile \u00e0 l&rsquo;agr\u00e9able. Sur cette page, nous pourrons trouver des extraits de nos carnets de bord&#8230;<\/p>\n<h2 style=\"text-align: center;\"><span style=\"color: #ff00ff;\">JOURNAL DE BORD DE LA QUARANTAINE&#8230;C&rsquo;EST PARTI !!!<\/span>&nbsp;<\/h2>\n<p><strong>La couverture du journal de Margaux:&nbsp;<\/strong><\/p>\n<p>&nbsp;<\/p>\n<p style=\"text-align: center;\"><a href=\"https:\/\/ecole-saint-aubin.fr\/wp-content\/uploads\/2020\/03\/20200322_151317-scaled.jpg\"><img loading=\"lazy\" decoding=\"async\" class=\"alignnone wp-image-8169\" src=\"https:\/\/ecole-saint-aubin.fr\/wp-content\/uploads\/2020\/03\/20200322_151317-300x225.jpg\" alt=\"\" width=\"377\" height=\"283\" srcset=\"https:\/\/ecole-saint-aubin.fr\/wp-content\/uploads\/2020\/03\/20200322_151317-300x225.jpg 300w, https:\/\/ecole-saint-aubin.fr\/wp-content\/uploads\/2020\/03\/20200322_151317-1024x768.jpg 1024w, https:\/\/ecole-saint-aubin.fr\/wp-content\/uploads\/2020\/03\/20200322_151317-768x576.jpg 768w, https:\/\/ecole-saint-aubin.fr\/wp-content\/uploads\/2020\/03\/20200322_151317-1536x1152.jpg 1536w, https:\/\/ecole-saint-aubin.fr\/wp-content\/uploads\/2020\/03\/20200322_151317-2048x1536.jpg 2048w\" sizes=\"(max-width: 377px) 100vw, 377px\" \/><\/a><\/p>\n<p>&nbsp;<\/p>\n<p><strong>Ma\u00ebl fait un peu de cuisine: Recette des beignets&nbsp;<\/strong><\/p>\n<p><a href=\"https:\/\/ecole-saint-aubin.fr\/wp-content\/uploads\/2020\/03\/image001-rotated.jpg\"><img loading=\"lazy\" decoding=\"async\" class=\"wp-image-8221 aligncenter\" src=\"https:\/\/ecole-saint-aubin.fr\/wp-content\/uploads\/2020\/03\/image001-225x300.jpg\" alt=\"\" width=\"346\" height=\"461\" srcset=\"https:\/\/ecole-saint-aubin.fr\/wp-content\/uploads\/2020\/03\/image001-225x300.jpg 225w, https:\/\/ecole-saint-aubin.fr\/wp-content\/uploads\/2020\/03\/image001-rotated.jpg 240w\" sizes=\"(max-width: 346px) 100vw, 346px\" \/><\/a> <a href=\"https:\/\/ecole-saint-aubin.fr\/wp-content\/uploads\/2020\/03\/IMG_5939-1.jpg\"><img loading=\"lazy\" decoding=\"async\" class=\"wp-image-8224 aligncenter\" src=\"https:\/\/ecole-saint-aubin.fr\/wp-content\/uploads\/2020\/03\/IMG_5939-1-300x225.jpg\" alt=\"\" width=\"576\" height=\"432\" srcset=\"https:\/\/ecole-saint-aubin.fr\/wp-content\/uploads\/2020\/03\/IMG_5939-1-300x225.jpg 300w, https:\/\/ecole-saint-aubin.fr\/wp-content\/uploads\/2020\/03\/IMG_5939-1.jpg 640w\" sizes=\"(max-width: 576px) 100vw, 576px\" \/><\/a><\/p>\n<p>Nathy profite de son temps libre pour s&rsquo;occuper de ses chiens.<\/p>\n<p><a href=\"https:\/\/ecole-saint-aubin.fr\/wp-content\/uploads\/2020\/03\/20200321_163259-rotated.jpg\"><img loading=\"lazy\" decoding=\"async\" class=\"wp-image-8239 aligncenter\" src=\"https:\/\/ecole-saint-aubin.fr\/wp-content\/uploads\/2020\/03\/20200321_163259-169x300.jpg\" alt=\"\" width=\"248\" height=\"440\" srcset=\"https:\/\/ecole-saint-aubin.fr\/wp-content\/uploads\/2020\/03\/20200321_163259-169x300.jpg 169w, https:\/\/ecole-saint-aubin.fr\/wp-content\/uploads\/2020\/03\/20200321_163259-576x1024.jpg 576w, https:\/\/ecole-saint-aubin.fr\/wp-content\/uploads\/2020\/03\/20200321_163259-768x1365.jpg 768w, https:\/\/ecole-saint-aubin.fr\/wp-content\/uploads\/2020\/03\/20200321_163259-864x1536.jpg 864w, https:\/\/ecole-saint-aubin.fr\/wp-content\/uploads\/2020\/03\/20200321_163259-rotated.jpg 1152w\" sizes=\"(max-width: 248px) 100vw, 248px\" \/><\/a><\/p>\n<p>&nbsp;<\/p>\n<p>&nbsp;<\/p>\n<p>Je construis une classe pour mes playmobils<\/p>\n<p><a href=\"https:\/\/ecole-saint-aubin.fr\/wp-content\/uploads\/2020\/03\/image2-rotated.jpeg\"><img loading=\"lazy\" decoding=\"async\" class=\" wp-image-8238 aligncenter\" src=\"https:\/\/ecole-saint-aubin.fr\/wp-content\/uploads\/2020\/03\/image2-225x300.jpeg\" alt=\"\" width=\"303\" height=\"404\" srcset=\"https:\/\/ecole-saint-aubin.fr\/wp-content\/uploads\/2020\/03\/image2-225x300.jpeg 225w, https:\/\/ecole-saint-aubin.fr\/wp-content\/uploads\/2020\/03\/image2-rotated.jpeg 240w\" sizes=\"(max-width: 303px) 100vw, 303px\" \/><\/a> <a href=\"https:\/\/ecole-saint-aubin.fr\/wp-content\/uploads\/2020\/03\/image1-rotated.jpeg\"><img loading=\"lazy\" decoding=\"async\" class=\" wp-image-8237 aligncenter\" src=\"https:\/\/ecole-saint-aubin.fr\/wp-content\/uploads\/2020\/03\/image1-225x300.jpeg\" alt=\"\" width=\"287\" height=\"383\" srcset=\"https:\/\/ecole-saint-aubin.fr\/wp-content\/uploads\/2020\/03\/image1-225x300.jpeg 225w, https:\/\/ecole-saint-aubin.fr\/wp-content\/uploads\/2020\/03\/image1-rotated.jpeg 240w\" sizes=\"(max-width: 287px) 100vw, 287px\" \/><\/a><\/p>\n<p>Le carnet de bord de Margaux se remplit:&nbsp;<\/p>\n<p><a href=\"https:\/\/ecole-saint-aubin.fr\/wp-content\/uploads\/2020\/03\/Carnet-de-bord-260320-1-scaled.jpg\">&nbsp; &nbsp; &nbsp; &nbsp; &nbsp; &nbsp; &nbsp; &nbsp; &nbsp;&nbsp;<img loading=\"lazy\" decoding=\"async\" class=\"wp-image-8247 aligncenter\" src=\"https:\/\/ecole-saint-aubin.fr\/wp-content\/uploads\/2020\/03\/Carnet-de-bord-260320-1-300x225.jpg\" alt=\"\" width=\"445\" height=\"334\" srcset=\"https:\/\/ecole-saint-aubin.fr\/wp-content\/uploads\/2020\/03\/Carnet-de-bord-260320-1-300x225.jpg 300w, https:\/\/ecole-saint-aubin.fr\/wp-content\/uploads\/2020\/03\/Carnet-de-bord-260320-1-1024x768.jpg 1024w, https:\/\/ecole-saint-aubin.fr\/wp-content\/uploads\/2020\/03\/Carnet-de-bord-260320-1-768x576.jpg 768w, https:\/\/ecole-saint-aubin.fr\/wp-content\/uploads\/2020\/03\/Carnet-de-bord-260320-1-1536x1152.jpg 1536w, https:\/\/ecole-saint-aubin.fr\/wp-content\/uploads\/2020\/03\/Carnet-de-bord-260320-1-2048x1536.jpg 2048w\" sizes=\"(max-width: 445px) 100vw, 445px\" \/><\/a> <a href=\"https:\/\/ecole-saint-aubin.fr\/wp-content\/uploads\/2020\/03\/Carnet-de-bord-260320-2-scaled.jpg\"><img loading=\"lazy\" decoding=\"async\" class=\"wp-image-8248 aligncenter\" src=\"https:\/\/ecole-saint-aubin.fr\/wp-content\/uploads\/2020\/03\/Carnet-de-bord-260320-2-300x225.jpg\" alt=\"\" width=\"447\" height=\"335\" srcset=\"https:\/\/ecole-saint-aubin.fr\/wp-content\/uploads\/2020\/03\/Carnet-de-bord-260320-2-300x225.jpg 300w, https:\/\/ecole-saint-aubin.fr\/wp-content\/uploads\/2020\/03\/Carnet-de-bord-260320-2-1024x768.jpg 1024w, https:\/\/ecole-saint-aubin.fr\/wp-content\/uploads\/2020\/03\/Carnet-de-bord-260320-2-768x576.jpg 768w, https:\/\/ecole-saint-aubin.fr\/wp-content\/uploads\/2020\/03\/Carnet-de-bord-260320-2-1536x1152.jpg 1536w, https:\/\/ecole-saint-aubin.fr\/wp-content\/uploads\/2020\/03\/Carnet-de-bord-260320-2-2048x1536.jpg 2048w\" sizes=\"(max-width: 447px) 100vw, 447px\" \/><\/a><\/p>\n<p><strong>La recette des raviolis maison de Marion:&nbsp;<\/strong><\/p>\n<p><a href=\"https:\/\/ecole-saint-aubin.fr\/wp-content\/uploads\/2020\/03\/20200330_095104-scaled.jpg\"><img loading=\"lazy\" decoding=\"async\" class=\"wp-image-8257 aligncenter\" src=\"https:\/\/ecole-saint-aubin.fr\/wp-content\/uploads\/2020\/03\/20200330_095104-300x225.jpg\" alt=\"\" width=\"435\" height=\"326\" srcset=\"https:\/\/ecole-saint-aubin.fr\/wp-content\/uploads\/2020\/03\/20200330_095104-300x225.jpg 300w, https:\/\/ecole-saint-aubin.fr\/wp-content\/uploads\/2020\/03\/20200330_095104-1024x768.jpg 1024w, https:\/\/ecole-saint-aubin.fr\/wp-content\/uploads\/2020\/03\/20200330_095104-768x576.jpg 768w, https:\/\/ecole-saint-aubin.fr\/wp-content\/uploads\/2020\/03\/20200330_095104-1536x1152.jpg 1536w, https:\/\/ecole-saint-aubin.fr\/wp-content\/uploads\/2020\/03\/20200330_095104-2048x1536.jpg 2048w\" sizes=\"(max-width: 435px) 100vw, 435px\" \/><\/a><\/p>\n<p><strong>Page de couverture du cahier de Julie:&nbsp;<\/strong><\/p>\n<p><a href=\"https:\/\/ecole-saint-aubin.fr\/wp-content\/uploads\/2020\/03\/CARNET-DE-CONFINEMENT-scaled.jpg\"><img loading=\"lazy\" decoding=\"async\" class=\"wp-image-8275 aligncenter\" src=\"https:\/\/ecole-saint-aubin.fr\/wp-content\/uploads\/2020\/03\/CARNET-DE-CONFINEMENT-169x300.jpg\" alt=\"\" width=\"360\" height=\"639\" srcset=\"https:\/\/ecole-saint-aubin.fr\/wp-content\/uploads\/2020\/03\/CARNET-DE-CONFINEMENT-169x300.jpg 169w, https:\/\/ecole-saint-aubin.fr\/wp-content\/uploads\/2020\/03\/CARNET-DE-CONFINEMENT-576x1024.jpg 576w, https:\/\/ecole-saint-aubin.fr\/wp-content\/uploads\/2020\/03\/CARNET-DE-CONFINEMENT-768x1365.jpg 768w, https:\/\/ecole-saint-aubin.fr\/wp-content\/uploads\/2020\/03\/CARNET-DE-CONFINEMENT-864x1536.jpg 864w, https:\/\/ecole-saint-aubin.fr\/wp-content\/uploads\/2020\/03\/CARNET-DE-CONFINEMENT-1152x2048.jpg 1152w, https:\/\/ecole-saint-aubin.fr\/wp-content\/uploads\/2020\/03\/CARNET-DE-CONFINEMENT-scaled.jpg 1440w\" sizes=\"(max-width: 360px) 100vw, 360px\" \/><\/a><\/p>\n<p><strong>Margaux cuisine des chouquettes, et raconte sa journ\u00e9e du 1er avril!&nbsp;<\/strong><\/p>\n<p><a href=\"https:\/\/ecole-saint-aubin.fr\/wp-content\/uploads\/2020\/04\/20200403_163651-scaled.jpg\"><img loading=\"lazy\" decoding=\"async\" class=\"alignnone wp-image-8354\" src=\"https:\/\/ecole-saint-aubin.fr\/wp-content\/uploads\/2020\/04\/20200403_163651-225x300.jpg\" alt=\"\" width=\"330\" height=\"440\" srcset=\"https:\/\/ecole-saint-aubin.fr\/wp-content\/uploads\/2020\/04\/20200403_163651-225x300.jpg 225w, https:\/\/ecole-saint-aubin.fr\/wp-content\/uploads\/2020\/04\/20200403_163651-768x1024.jpg 768w, https:\/\/ecole-saint-aubin.fr\/wp-content\/uploads\/2020\/04\/20200403_163651-1152x1536.jpg 1152w, https:\/\/ecole-saint-aubin.fr\/wp-content\/uploads\/2020\/04\/20200403_163651-1536x2048.jpg 1536w, https:\/\/ecole-saint-aubin.fr\/wp-content\/uploads\/2020\/04\/20200403_163651-scaled.jpg 1920w\" sizes=\"(max-width: 330px) 100vw, 330px\" \/><\/a> <a href=\"https:\/\/ecole-saint-aubin.fr\/wp-content\/uploads\/2020\/04\/20200403_163654-scaled.jpg\"><img loading=\"lazy\" decoding=\"async\" class=\"alignnone wp-image-8355\" src=\"https:\/\/ecole-saint-aubin.fr\/wp-content\/uploads\/2020\/04\/20200403_163654-225x300.jpg\" alt=\"\" width=\"327\" height=\"436\" srcset=\"https:\/\/ecole-saint-aubin.fr\/wp-content\/uploads\/2020\/04\/20200403_163654-225x300.jpg 225w, https:\/\/ecole-saint-aubin.fr\/wp-content\/uploads\/2020\/04\/20200403_163654-768x1024.jpg 768w, https:\/\/ecole-saint-aubin.fr\/wp-content\/uploads\/2020\/04\/20200403_163654-1152x1536.jpg 1152w, https:\/\/ecole-saint-aubin.fr\/wp-content\/uploads\/2020\/04\/20200403_163654-1536x2048.jpg 1536w, https:\/\/ecole-saint-aubin.fr\/wp-content\/uploads\/2020\/04\/20200403_163654-scaled.jpg 1920w\" sizes=\"(max-width: 327px) 100vw, 327px\" \/><\/a> <a href=\"https:\/\/ecole-saint-aubin.fr\/wp-content\/uploads\/2020\/04\/20200403_163701-scaled.jpg\"><img loading=\"lazy\" decoding=\"async\" class=\"alignnone wp-image-8356\" src=\"https:\/\/ecole-saint-aubin.fr\/wp-content\/uploads\/2020\/04\/20200403_163701-225x300.jpg\" alt=\"\" width=\"336\" height=\"448\" srcset=\"https:\/\/ecole-saint-aubin.fr\/wp-content\/uploads\/2020\/04\/20200403_163701-225x300.jpg 225w, https:\/\/ecole-saint-aubin.fr\/wp-content\/uploads\/2020\/04\/20200403_163701-768x1024.jpg 768w, https:\/\/ecole-saint-aubin.fr\/wp-content\/uploads\/2020\/04\/20200403_163701-1152x1536.jpg 1152w, https:\/\/ecole-saint-aubin.fr\/wp-content\/uploads\/2020\/04\/20200403_163701-1536x2048.jpg 1536w, https:\/\/ecole-saint-aubin.fr\/wp-content\/uploads\/2020\/04\/20200403_163701-scaled.jpg 1920w\" sizes=\"(max-width: 336px) 100vw, 336px\" \/><\/a> <a href=\"https:\/\/ecole-saint-aubin.fr\/wp-content\/uploads\/2020\/04\/20200403_163709-scaled.jpg\"><img loading=\"lazy\" decoding=\"async\" class=\"alignnone wp-image-8357\" src=\"https:\/\/ecole-saint-aubin.fr\/wp-content\/uploads\/2020\/04\/20200403_163709-225x300.jpg\" alt=\"\" width=\"340\" height=\"454\" srcset=\"https:\/\/ecole-saint-aubin.fr\/wp-content\/uploads\/2020\/04\/20200403_163709-225x300.jpg 225w, https:\/\/ecole-saint-aubin.fr\/wp-content\/uploads\/2020\/04\/20200403_163709-768x1024.jpg 768w, https:\/\/ecole-saint-aubin.fr\/wp-content\/uploads\/2020\/04\/20200403_163709-1152x1536.jpg 1152w, https:\/\/ecole-saint-aubin.fr\/wp-content\/uploads\/2020\/04\/20200403_163709-1536x2048.jpg 1536w, https:\/\/ecole-saint-aubin.fr\/wp-content\/uploads\/2020\/04\/20200403_163709-scaled.jpg 1920w\" sizes=\"(max-width: 340px) 100vw, 340px\" \/><\/a><\/p>\n<p><strong>Ma\u00ebl raconte ses journ\u00e9es:&nbsp;<\/strong><\/p>\n<p>&nbsp;<a href=\"https:\/\/ecole-saint-aubin.fr\/wp-content\/uploads\/2020\/04\/image002-rotated.jpg\"><img loading=\"lazy\" decoding=\"async\" class=\"alignnone wp-image-8406\" src=\"https:\/\/ecole-saint-aubin.fr\/wp-content\/uploads\/2020\/04\/image002-225x300.jpg\" alt=\"\" width=\"280\" height=\"373\" srcset=\"https:\/\/ecole-saint-aubin.fr\/wp-content\/uploads\/2020\/04\/image002-225x300.jpg 225w, https:\/\/ecole-saint-aubin.fr\/wp-content\/uploads\/2020\/04\/image002-rotated.jpg 480w\" sizes=\"(max-width: 280px) 100vw, 280px\" \/><\/a> <a href=\"https:\/\/ecole-saint-aubin.fr\/wp-content\/uploads\/2020\/04\/image001-2-rotated.jpg\"><img loading=\"lazy\" decoding=\"async\" class=\"alignnone wp-image-8405\" src=\"https:\/\/ecole-saint-aubin.fr\/wp-content\/uploads\/2020\/04\/image001-2-225x300.jpg\" alt=\"\" width=\"297\" height=\"396\" srcset=\"https:\/\/ecole-saint-aubin.fr\/wp-content\/uploads\/2020\/04\/image001-2-225x300.jpg 225w, https:\/\/ecole-saint-aubin.fr\/wp-content\/uploads\/2020\/04\/image001-2-rotated.jpg 480w\" sizes=\"(max-width: 297px) 100vw, 297px\" \/><\/a><\/p>\n<p><strong>Mardi 7 avril, Rose f\u00eatait ses 10 ANS!!! Joyeux anniversaire Rose!&nbsp;<\/strong><\/p>\n<p><a href=\"https:\/\/ecole-saint-aubin.fr\/wp-content\/uploads\/2020\/04\/20200407_201714-scaled.jpg\"><img loading=\"lazy\" decoding=\"async\" class=\"alignnone wp-image-8404\" src=\"https:\/\/ecole-saint-aubin.fr\/wp-content\/uploads\/2020\/04\/20200407_201714-146x300.jpg\" alt=\"\" width=\"211\" height=\"434\" srcset=\"https:\/\/ecole-saint-aubin.fr\/wp-content\/uploads\/2020\/04\/20200407_201714-146x300.jpg 146w, https:\/\/ecole-saint-aubin.fr\/wp-content\/uploads\/2020\/04\/20200407_201714-498x1024.jpg 498w, https:\/\/ecole-saint-aubin.fr\/wp-content\/uploads\/2020\/04\/20200407_201714-768x1580.jpg 768w, https:\/\/ecole-saint-aubin.fr\/wp-content\/uploads\/2020\/04\/20200407_201714-747x1536.jpg 747w, https:\/\/ecole-saint-aubin.fr\/wp-content\/uploads\/2020\/04\/20200407_201714-996x2048.jpg 996w, https:\/\/ecole-saint-aubin.fr\/wp-content\/uploads\/2020\/04\/20200407_201714-scaled.jpg 1244w\" sizes=\"(max-width: 211px) 100vw, 211px\" \/> <\/a><a href=\"https:\/\/ecole-saint-aubin.fr\/wp-content\/uploads\/2020\/04\/Snapchat-664077757.jpg\"><img loading=\"lazy\" decoding=\"async\" class=\"alignnone wp-image-8408\" src=\"https:\/\/ecole-saint-aubin.fr\/wp-content\/uploads\/2020\/04\/Snapchat-664077757-156x300.jpg\" alt=\"\" width=\"226\" height=\"435\" srcset=\"https:\/\/ecole-saint-aubin.fr\/wp-content\/uploads\/2020\/04\/Snapchat-664077757-156x300.jpg 156w, https:\/\/ecole-saint-aubin.fr\/wp-content\/uploads\/2020\/04\/Snapchat-664077757-533x1024.jpg 533w, https:\/\/ecole-saint-aubin.fr\/wp-content\/uploads\/2020\/04\/Snapchat-664077757-768x1476.jpg 768w, https:\/\/ecole-saint-aubin.fr\/wp-content\/uploads\/2020\/04\/Snapchat-664077757-799x1536.jpg 799w, https:\/\/ecole-saint-aubin.fr\/wp-content\/uploads\/2020\/04\/Snapchat-664077757-1066x2048.jpg 1066w, https:\/\/ecole-saint-aubin.fr\/wp-content\/uploads\/2020\/04\/Snapchat-664077757.jpg 1155w\" sizes=\"(max-width: 226px) 100vw, 226px\" \/><\/a><\/p>\n<p><strong>Marjorie fait des parcours de sport:&nbsp;<\/strong><\/p>\n<p><a href=\"https:\/\/ecole-saint-aubin.fr\/wp-content\/uploads\/2020\/04\/J12-MArjorie-.jpg\"><img loading=\"lazy\" decoding=\"async\" class=\"alignnone wp-image-8410\" src=\"https:\/\/ecole-saint-aubin.fr\/wp-content\/uploads\/2020\/04\/J12-MArjorie--215x300.jpg\" alt=\"\" width=\"395\" height=\"551\" srcset=\"https:\/\/ecole-saint-aubin.fr\/wp-content\/uploads\/2020\/04\/J12-MArjorie--215x300.jpg 215w, https:\/\/ecole-saint-aubin.fr\/wp-content\/uploads\/2020\/04\/J12-MArjorie-.jpg 489w\" sizes=\"(max-width: 395px) 100vw, 395px\" \/><\/a><\/p>\n<p>Eliot raconte un peu ses journ\u00e9es de confinement:&nbsp;<\/p>\n<p><a href=\"https:\/\/ecole-saint-aubin.fr\/wp-content\/uploads\/2020\/04\/11358719999999448embeddedImage-scaled.jpeg\"><img loading=\"lazy\" decoding=\"async\" class=\"alignnone  wp-image-8423\" src=\"https:\/\/ecole-saint-aubin.fr\/wp-content\/uploads\/2020\/04\/11358719999999448embeddedImage-225x300.jpeg\" alt=\"\" width=\"360\" height=\"480\" srcset=\"https:\/\/ecole-saint-aubin.fr\/wp-content\/uploads\/2020\/04\/11358719999999448embeddedImage-225x300.jpeg 225w, https:\/\/ecole-saint-aubin.fr\/wp-content\/uploads\/2020\/04\/11358719999999448embeddedImage-768x1024.jpeg 768w, https:\/\/ecole-saint-aubin.fr\/wp-content\/uploads\/2020\/04\/11358719999999448embeddedImage-1152x1536.jpeg 1152w, https:\/\/ecole-saint-aubin.fr\/wp-content\/uploads\/2020\/04\/11358719999999448embeddedImage-1536x2048.jpeg 1536w, https:\/\/ecole-saint-aubin.fr\/wp-content\/uploads\/2020\/04\/11358719999999448embeddedImage-scaled.jpeg 1920w\" sizes=\"(max-width: 360px) 100vw, 360px\" \/><\/a> <a href=\"https:\/\/ecole-saint-aubin.fr\/wp-content\/uploads\/2020\/04\/26302899999995134embeddedImage-scaled.jpeg\"><img loading=\"lazy\" decoding=\"async\" class=\"alignnone  wp-image-8424\" src=\"https:\/\/ecole-saint-aubin.fr\/wp-content\/uploads\/2020\/04\/26302899999995134embeddedImage-225x300.jpeg\" alt=\"\" width=\"357\" height=\"476\" srcset=\"https:\/\/ecole-saint-aubin.fr\/wp-content\/uploads\/2020\/04\/26302899999995134embeddedImage-225x300.jpeg 225w, https:\/\/ecole-saint-aubin.fr\/wp-content\/uploads\/2020\/04\/26302899999995134embeddedImage-768x1024.jpeg 768w, https:\/\/ecole-saint-aubin.fr\/wp-content\/uploads\/2020\/04\/26302899999995134embeddedImage-1152x1536.jpeg 1152w, https:\/\/ecole-saint-aubin.fr\/wp-content\/uploads\/2020\/04\/26302899999995134embeddedImage-1536x2048.jpeg 1536w, https:\/\/ecole-saint-aubin.fr\/wp-content\/uploads\/2020\/04\/26302899999995134embeddedImage-scaled.jpeg 1920w\" sizes=\"(max-width: 357px) 100vw, 357px\" \/><\/a><\/p>\n","protected":false},"excerpt":{"rendered":"<p>Pendant cette p\u00e9riode de confinement, nous allons \u00e9crire tous les jours dans notre journal de bord pour raconter nos journ\u00e9es ou des moments que l&rsquo;on souhaite partager, dont on veut se souvenir&#8230; Travail d&rsquo;\u00e9criture CM- confinement Un travail d&rsquo;\u00e9criture et de m\u00e9moire qui nous permet aussi de joindre l&rsquo;utile \u00e0 l&rsquo;agr\u00e9able. Sur cette page, nous<\/p>\n<p><a href=\"https:\/\/ecole-saint-aubin.fr\/index.php\/journal-de-bord-des-cm\/\" class=\"more-link themebutton\">Lire la suite<\/a><\/p>\n","protected":false},"author":2,"featured_media":0,"parent":0,"menu_order":0,"comment_status":"closed","ping_status":"closed","template":"","meta":{"ngg_post_thumbnail":0,"footnotes":""},"_links":{"self":[{"href":"https:\/\/ecole-saint-aubin.fr\/index.php\/wp-json\/wp\/v2\/pages\/8168"}],"collection":[{"href":"https:\/\/ecole-saint-aubin.fr\/index.php\/wp-json\/wp\/v2\/pages"}],"about":[{"href":"https:\/\/ecole-saint-aubin.fr\/index.php\/wp-json\/wp\/v2\/types\/page"}],"author":[{"embeddable":true,"href":"https:\/\/ecole-saint-aubin.fr\/index.php\/wp-json\/wp\/v2\/users\/2"}],"replies":[{"embeddable":true,"href":"https:\/\/ecole-saint-aubin.fr\/index.php\/wp-json\/wp\/v2\/comments?post=8168"}],"version-history":[{"count":14,"href":"https:\/\/ecole-saint-aubin.fr\/index.php\/wp-json\/wp\/v2\/pages\/8168\/revisions"}],"predecessor-version":[{"id":8428,"href":"https:\/\/ecole-saint-aubin.fr\/index.php\/wp-json\/wp\/v2\/pages\/8168\/revisions\/8428"}],"wp:attachment":[{"href":"https:\/\/ecole-saint-aubin.fr\/index.php\/wp-json\/wp\/v2\/media?parent=8168"}],"curies":[{"name":"wp","href":"https:\/\/api.w.org\/{rel}","templated":true}]}}