{"id":5145,"date":"2018-07-08T12:54:27","date_gmt":"2018-07-08T10:54:27","guid":{"rendered":"https:\/\/ecole-saint-aubin.fr\/?page_id=5145"},"modified":"2025-07-15T17:23:13","modified_gmt":"2025-07-15T15:23:13","slug":"documents-administratifs","status":"publish","type":"page","link":"https:\/\/ecole-saint-aubin.fr\/index.php\/documents-administratifs\/","title":{"rendered":"Documents administratifs"},"content":{"rendered":"<p>Pour tous renseignements compl\u00e9mentaires ou une visite d&rsquo;\u00e9cole, n&rsquo;h\u00e9sitez pas \u00e0 contacter Lucie Allard par t\u00e9l\u00e9phone au 0240791251 ou par mail \u00e0 <a href=\"mailto:ec.chevallerais.st-aubin@ec44.fr\">ec.chevallerais.st-aubin@ec44.fr<\/a><\/p>\n<p>Vous pouvez d\u00e9j\u00e0 lire le contrat de scolarisation, le r\u00e8glement financier ainsi que le r\u00e8glement int\u00e9rieur de l&rsquo;\u00e9cole.<\/p>\n<p>&nbsp;<\/p>\n<p><a href=\"https:\/\/ecole-saint-aubin.fr\/wp-content\/uploads\/2025\/07\/circulaire-de-rentree.docx\">circulaire de rentre\u0301e<\/a><\/p>\n<p><a href=\"https:\/\/ecole-saint-aubin.fr\/wp-content\/uploads\/2025\/07\/Reglement-financier-2526-copie.docx\">Re\u0300glement financier 2526 copie<\/a><\/p>\n<p><a href=\"https:\/\/ecole-saint-aubin.fr\/wp-content\/uploads\/2025\/07\/Contrat-de-scolarisation2526.docx\">Contrat de scolarisation2526<\/a><\/p>\n<p><a href=\"https:\/\/ecole-saint-aubin.fr\/wp-content\/uploads\/2025\/07\/PS-TPS-mot-rentree-fournitures-2025-2026-pdf-1-1.docx\">PS + TPS mot rentre\u0301e + fournitures 2025-2026 (pdf) 1<\/a><\/p>\n<p><a href=\"https:\/\/ecole-saint-aubin.fr\/wp-content\/uploads\/2025\/07\/demande-damenagement-PS.docx\">demande d&rsquo;ame\u0301nagement PS<\/a><\/p>\n<p><a href=\"https:\/\/ecole-saint-aubin.fr\/wp-content\/uploads\/2021\/02\/Depliant-cate-culture-eveil.pdf\">D\u00e9pliant cat\u00e9-culture-\u00e9veil<\/a><\/p>\n<p>&nbsp;<\/p>\n<p>&nbsp;<\/p>\n<p><a href=\"https:\/\/ecole-saint-aubin.fr\/wp-content\/uploads\/2021\/02\/flyer-ecoles-2-3.jpg\"><img loading=\"lazy\" decoding=\"async\" class=\"alignnone size-medium wp-image-9507\" src=\"https:\/\/ecole-saint-aubin.fr\/wp-content\/uploads\/2021\/02\/flyer-ecoles-2-3-214x300.jpg\" alt=\"\" width=\"214\" height=\"300\" srcset=\"https:\/\/ecole-saint-aubin.fr\/wp-content\/uploads\/2021\/02\/flyer-ecoles-2-3-214x300.jpg 214w, https:\/\/ecole-saint-aubin.fr\/wp-content\/uploads\/2021\/02\/flyer-ecoles-2-3-732x1024.jpg 732w, https:\/\/ecole-saint-aubin.fr\/wp-content\/uploads\/2021\/02\/flyer-ecoles-2-3-768x1075.jpg 768w, https:\/\/ecole-saint-aubin.fr\/wp-content\/uploads\/2021\/02\/flyer-ecoles-2-3.jpg 828w\" sizes=\"(max-width: 214px) 100vw, 214px\" \/><\/a><\/p>\n","protected":false},"excerpt":{"rendered":"<p>Pour tous renseignements compl\u00e9mentaires ou une visite d&rsquo;\u00e9cole, n&rsquo;h\u00e9sitez pas \u00e0 contacter Lucie Allard par t\u00e9l\u00e9phone au 0240791251 ou par mail \u00e0 ec.chevallerais.st-aubin@ec44.fr Vous pouvez d\u00e9j\u00e0 lire le contrat de scolarisation, le r\u00e8glement financier ainsi que le r\u00e8glement int\u00e9rieur de l&rsquo;\u00e9cole. &nbsp; circulaire de rentre\u0301e Re\u0300glement financier 2526 copie Contrat de scolarisation2526 PS + TPS<\/p>\n<p><a href=\"https:\/\/ecole-saint-aubin.fr\/index.php\/documents-administratifs\/\" class=\"more-link themebutton\">Lire la suite<\/a><\/p>\n","protected":false},"author":2,"featured_media":0,"parent":0,"menu_order":0,"comment_status":"closed","ping_status":"closed","template":"","meta":{"ngg_post_thumbnail":0,"footnotes":""},"_links":{"self":[{"href":"https:\/\/ecole-saint-aubin.fr\/index.php\/wp-json\/wp\/v2\/pages\/5145"}],"collection":[{"href":"https:\/\/ecole-saint-aubin.fr\/index.php\/wp-json\/wp\/v2\/pages"}],"about":[{"href":"https:\/\/ecole-saint-aubin.fr\/index.php\/wp-json\/wp\/v2\/types\/page"}],"author":[{"embeddable":true,"href":"https:\/\/ecole-saint-aubin.fr\/index.php\/wp-json\/wp\/v2\/users\/2"}],"replies":[{"embeddable":true,"href":"https:\/\/ecole-saint-aubin.fr\/index.php\/wp-json\/wp\/v2\/comments?post=5145"}],"version-history":[{"count":20,"href":"https:\/\/ecole-saint-aubin.fr\/index.php\/wp-json\/wp\/v2\/pages\/5145\/revisions"}],"predecessor-version":[{"id":12340,"href":"https:\/\/ecole-saint-aubin.fr\/index.php\/wp-json\/wp\/v2\/pages\/5145\/revisions\/12340"}],"wp:attachment":[{"href":"https:\/\/ecole-saint-aubin.fr\/index.php\/wp-json\/wp\/v2\/media?parent=5145"}],"curies":[{"name":"wp","href":"https:\/\/api.w.org\/{rel}","templated":true}]}}