{"id":49,"date":"2015-10-21T12:50:47","date_gmt":"2015-10-21T10:50:47","guid":{"rendered":"http:\/\/ecole-saint-aubin.fr\/?page_id=49"},"modified":"2026-02-01T22:30:12","modified_gmt":"2026-02-01T21:30:12","slug":"bienvenue","status":"publish","type":"page","link":"https:\/\/ecole-saint-aubin.fr\/","title":{"rendered":"Accueil"},"content":{"rendered":"<div id=\"pl-49\"  class=\"panel-layout\" ><div id=\"pg-49-0\"  class=\"panel-grid panel-no-style\" ><div id=\"pgc-49-0-0\"  class=\"panel-grid-cell\" ><div id=\"panel-49-0-0-0\" class=\"so-panel widget widget_sow-button panel-first-child panel-last-child\" data-index=\"0\" ><div\n\t\t\t\n\t\t\tclass=\"so-widget-sow-button so-widget-sow-button-atom-fd42359ceb71-49\"\n\t\t\t\n\t\t><div class=\"ow-button-base ow-button-align-center\"\n>\n\t\t\t<a\n\t\t\t\t\thref=\"https:\/\/www.facebook.com\/Ecole-St-Aubin-La-Chevallerais-101062688173355\/?eid=ARCMrhudmJh_K2hVVLB6szN0ExY6rTn4YflVTWS-OI-io-n5FRhXJU1PT2IOc0jiVnEZDzl7xsIm_b3E\"\n\t\t\t\t\tclass=\"sowb-button ow-icon-placement-left ow-button-hover\" \t>\n\t\t<span>\n\t\t\t<span class=\"sow-icon-genericons\" data-sow-icon=\"&#xf203;\"\n\t\tstyle=\"color: #000000\" \n\t\taria-hidden=\"true\"><\/span>\n\t\t\tFACEBOOK\t\t<\/span>\n\t\t\t<\/a>\n\t<\/div>\n<\/div><\/div><\/div><div id=\"pgc-49-0-1\"  class=\"panel-grid-cell\" ><div id=\"panel-49-0-1-0\" class=\"so-panel widget widget_sow-button panel-first-child panel-last-child\" data-index=\"1\" ><div\n\t\t\t\n\t\t\tclass=\"so-widget-sow-button so-widget-sow-button-atom-6d2b12eb1287-49\"\n\t\t\t\n\t\t><div class=\"ow-button-base ow-button-align-center\"\n>\n\t\t\t<a\n\t\t\t\t\thref=\"https:\/\/www.instagram.com\"\n\t\t\t\t\tclass=\"sowb-button ow-icon-placement-left\" \t>\n\t\t<span>\n\t\t\t\t\t\t\t<div class=\"sow-icon-image\" style=\"background-image: url(https:\/\/ecole-saint-aubin.fr\/wp-content\/uploads\/2020\/03\/Unknown-150x150.jpg)\"><\/div>\n\t\t\t\t\n\t\t\tInstagram\t\t<\/span>\n\t\t\t<\/a>\n\t<\/div>\n<\/div><\/div><\/div><\/div><div id=\"pg-49-1\"  class=\"panel-grid panel-no-style\" ><div id=\"pgc-49-1-0\"  class=\"panel-grid-cell\" ><div id=\"panel-49-1-0-0\" class=\"so-panel widget widget_sow-editor panel-first-child panel-last-child\" data-index=\"2\" ><div class=\"panel-widget-style panel-widget-style-for-49-1-0-0\" ><div\n\t\t\t\n\t\t\tclass=\"so-widget-sow-editor so-widget-sow-editor-base\"\n\t\t\t\n\t\t>\n<div class=\"siteorigin-widget-tinymce textwidget\">\n\t<h1 style=\"text-align: center;\">Clip de l'\u00e9cole St Aubin<\/h1>\n<p><iframe loading=\"lazy\" title=\"Saint Aubin Clip\" width=\"1170\" height=\"658\" src=\"https:\/\/www.youtube.com\/embed\/ofzVV0_OZoo?feature=oembed\" frameborder=\"0\" allow=\"accelerometer; autoplay; clipboard-write; encrypted-media; gyroscope; picture-in-picture; web-share\" referrerpolicy=\"strict-origin-when-cross-origin\" allowfullscreen><\/iframe><\/p>\n<\/div>\n<\/div><\/div><\/div><\/div><div id=\"pgc-49-1-1\"  class=\"panel-grid-cell\" ><div id=\"panel-49-1-1-0\" class=\"so-panel widget widget_sow-editor panel-first-child panel-last-child\" data-index=\"3\" ><div class=\"panel-widget-style panel-widget-style-for-49-1-1-0\" ><div\n\t\t\t\n\t\t\tclass=\"so-widget-sow-editor so-widget-sow-editor-base\"\n\t\t\t\n\t\t>\n<div class=\"siteorigin-widget-tinymce textwidget\">\n\t<h1 style=\"text-align: center;\">D\u00e9couvrez le clip vid\u00e9o du projet \u00e9ducatif<\/h1>\n<p><iframe loading=\"lazy\" title=\"Ecole Saint-Aubin - La Chevallerais : d\u00e9couvrez le projet \u00e9ducatif !\" width=\"1170\" height=\"658\" src=\"https:\/\/www.youtube.com\/embed\/G8bq1sYokbc?feature=oembed\" frameborder=\"0\" allow=\"accelerometer; autoplay; clipboard-write; encrypted-media; gyroscope; picture-in-picture; web-share\" referrerpolicy=\"strict-origin-when-cross-origin\" allowfullscreen><\/iframe><\/p>\n<p><a href=\"https:\/\/ecole-saint-aubin.fr\/wp-content\/uploads\/2021\/11\/PEE-chevallerais2.pdf\">PEE-chevallerais2<\/a><\/p>\n<h4 style=\"text-align: center;\">T\u00e9l\u00e9chargez le flyer du projet<\/h4>\n<\/div>\n<\/div><\/div><\/div><\/div><\/div><div id=\"pg-49-2\"  class=\"panel-grid panel-no-style\" ><div id=\"pgc-49-2-0\"  class=\"panel-grid-cell\" ><div id=\"panel-49-2-0-0\" class=\"so-panel widget widget_sow-button panel-first-child panel-last-child\" data-index=\"4\" ><div\n\t\t\t\n\t\t\tclass=\"so-widget-sow-button so-widget-sow-button-flat-9f8242452a6f-49\"\n\t\t\t\n\t\t><div class=\"ow-button-base ow-button-align-center\"\n>\n\t\t\t<a\n\t\t\t\t\thref=\"https:\/\/www.helloasso.com\/associations\/apel-ecole-st-aubin\/formulaires\/1\/widget\"\n\t\t\t\t\tclass=\"sowb-button ow-icon-placement-top ow-button-hover\" target=\"_blank\" rel=\"noopener noreferrer\" \t>\n\t\t<span>\n\t\t\t\n\t\t\tFaire un don pour aider l'\u00e9cole!\t\t<\/span>\n\t\t\t<\/a>\n\t<\/div>\n<\/div><\/div><\/div><div id=\"pgc-49-2-1\"  class=\"panel-grid-cell\" ><div id=\"panel-49-2-1-0\" class=\"so-panel widget widget_sow-editor panel-first-child panel-last-child\" data-index=\"5\" ><div class=\"panel-widget-style panel-widget-style-for-49-2-1-0\" ><div\n\t\t\t\n\t\t\tclass=\"so-widget-sow-editor so-widget-sow-editor-base\"\n\t\t\t\n\t\t>\n<div class=\"siteorigin-widget-tinymce textwidget\">\n\t<p>Bonne visite sur notre site.<\/p>\n<\/div>\n<\/div><\/div><\/div><\/div><\/div><\/div>","protected":false},"excerpt":{"rendered":"<p>Clip de l&rsquo;\u00e9cole St Aubin https:\/\/youtu.be\/ofzVV0_OZoo D\u00e9couvrez le clip vid\u00e9o du projet \u00e9ducatif https:\/\/www.youtube.com\/watch?v=G8bq1sYokbc PEE-chevallerais2 T\u00e9l\u00e9chargez le flyer du projet<\/p>\n","protected":false},"author":2,"featured_media":0,"parent":0,"menu_order":0,"comment_status":"closed","ping_status":"closed","template":"","meta":{"ngg_post_thumbnail":0,"footnotes":""},"_links":{"self":[{"href":"https:\/\/ecole-saint-aubin.fr\/index.php\/wp-json\/wp\/v2\/pages\/49"}],"collection":[{"href":"https:\/\/ecole-saint-aubin.fr\/index.php\/wp-json\/wp\/v2\/pages"}],"about":[{"href":"https:\/\/ecole-saint-aubin.fr\/index.php\/wp-json\/wp\/v2\/types\/page"}],"author":[{"embeddable":true,"href":"https:\/\/ecole-saint-aubin.fr\/index.php\/wp-json\/wp\/v2\/users\/2"}],"replies":[{"embeddable":true,"href":"https:\/\/ecole-saint-aubin.fr\/index.php\/wp-json\/wp\/v2\/comments?post=49"}],"version-history":[{"count":772,"href":"https:\/\/ecole-saint-aubin.fr\/index.php\/wp-json\/wp\/v2\/pages\/49\/revisions"}],"predecessor-version":[{"id":12358,"href":"https:\/\/ecole-saint-aubin.fr\/index.php\/wp-json\/wp\/v2\/pages\/49\/revisions\/12358"}],"wp:attachment":[{"href":"https:\/\/ecole-saint-aubin.fr\/index.php\/wp-json\/wp\/v2\/media?parent=49"}],"curies":[{"name":"wp","href":"https:\/\/api.w.org\/{rel}","templated":true}]}}