{"id":3717,"date":"2018-02-21T09:38:19","date_gmt":"2018-02-21T08:38:19","guid":{"rendered":"https:\/\/ecole-saint-aubin.fr\/?page_id=3717"},"modified":"2022-12-02T15:07:47","modified_gmt":"2022-12-02T14:07:47","slug":"presentation-de-lapel","status":"publish","type":"page","link":"https:\/\/ecole-saint-aubin.fr\/index.php\/presentation-de-lapel\/","title":{"rendered":"Pr\u00e9sentation de l&rsquo;APEL"},"content":{"rendered":"<h2 style=\"text-align: center;\"><strong><span style=\"color: #00ccff;\">L&rsquo;A.P.E.L est l&rsquo;association des parents d&rsquo;\u00e9l\u00e8ves. <\/span><\/strong><\/h2>\n<p style=\"text-align: center;\"><a href=\"http:\/\/ecole-saint-aubin.fr\/wp-content\/uploads\/2016\/01\/apel-965x1024.jpg\"><img loading=\"lazy\" decoding=\"async\" class=\"alignnone wp-image-2028\" src=\"http:\/\/ecole-saint-aubin.fr\/wp-content\/uploads\/2016\/01\/apel-965x1024-283x300.jpg\" alt=\"\" width=\"323\" height=\"343\" srcset=\"https:\/\/ecole-saint-aubin.fr\/wp-content\/uploads\/2016\/01\/apel-965x1024-283x300.jpg 283w, https:\/\/ecole-saint-aubin.fr\/wp-content\/uploads\/2016\/01\/apel-965x1024-768x815.jpg 768w, https:\/\/ecole-saint-aubin.fr\/wp-content\/uploads\/2016\/01\/apel-965x1024.jpg 965w\" sizes=\"(max-width: 323px) 100vw, 323px\" \/><\/a><br \/>\nLes parents qui y sont b\u00e9n\u00e9voles participent \u00e0 l&rsquo;\u00e9laboration du projet d&rsquo;\u00e9cole ainsi qu&rsquo;\u00e0 l&rsquo;animation de l&rsquo;\u00e9tablissement, ils organisent des ventes, la kermesse, les sorties scolaires&#8230;<\/p>\n<p>Les membres avancent en \u00e9troite collaboration avec l&rsquo;O.G.E.C, le chef d&rsquo;\u00e9tablissement et l&rsquo;\u00e9quipe enseignante afin de permettre aux enfants de vivre leur scolarit\u00e9 dans les conditions les plus accueillantes et les plus riches humainement, culturellement et intellectuellement possibles.<\/p>\n<h2 style=\"text-align: center;\"><span style=\"color: #ff6600;\"><strong>MEMBRES DU BUREAU:<\/strong> <\/span><\/h2>\n<div>\n<div dir=\"ltr\">\n<div dir=\"ltr\">\n<ul>\n<li><u>Pr\u00e9sidente\u00a0<\/u>: <strong>Yasmine Lefeuvre<\/strong>, Maman de Ferdinand en classe de CP<\/li>\n<li><u>Vice -Pr\u00e9sidente\u00a0<\/u>: <strong>Nad\u00e8ge Mercier,<\/strong> maman de Ma\u00eblys en CM1 et Camille en MS<\/li>\n<li><u>Secr\u00e9taire<\/u>: <strong>Maud Melczer,<\/strong> Maman de Ma\u00ebl en CE1 et H\u00e9lo\u00efse en MS<\/li>\n<li><u>Vice-Secr\u00e9taire\u00a0:<\/u> <strong>Julie Le Cain<\/strong>, Maman de Owen en CP<\/li>\n<li><u>Tr\u00e9sori\u00e8re<\/u>: <strong>St\u00e9phanie Fr\u00e9tillet<\/strong>, Maman de Yanis en CP et Noah en PS<\/li>\n<li><u>Vice-tr\u00e9sori\u00e8re<\/u>: <strong>Cathy Lebeau<\/strong>, Maman de N\u00e9o en CP et Tom en MS<\/li>\n<\/ul>\n<p><strong>\u00a0<\/strong><\/p>\n<p><strong>Et plusieurs membres actifs\u00a0:<\/strong><\/p>\n<ul>\n<li><strong>Victoire Chiffoleau , <\/strong>Maman de Aaron en MS<\/li>\n<li><strong>Manon Emeriau, <\/strong>Maman de Gabriel en Cp et Gaspard en PS<\/li>\n<li><strong>Soizic Godfroy<\/strong>, Maman de Yana\u00ebl en CE1 et Elouan en MS<\/li>\n<li><strong>Emilie L\u00e9turgez, <\/strong>Maman de Na\u00e9lie en CE2<\/li>\n<li><strong>C\u00e9dric Nestile, <\/strong>Papa de Lyhana en CE2 et Sa\u00ebl en MS<\/li>\n<li><strong>Marine Yangue Kesse, <\/strong>Maman de Swan en PS<\/li>\n<\/ul>\n<p>&nbsp;<\/p>\n<\/div>\n<\/div>\n<\/div>\n<h3 style=\"text-align: center;\"><strong><span style=\"color: #00ff00;\">Si vous souhaitez rejoindre le bureau, n&rsquo;h\u00e9sitez pas \u00e0 contacter l&rsquo;une de ces personnes, le chef d&rsquo;\u00e9tablissement ou \u00e0 envoyer un mail \u00e0 apelstaubin44810@gmail.com .<\/span><\/strong><\/h3>\n<p>&nbsp;<\/p>\n","protected":false},"excerpt":{"rendered":"<p>L&rsquo;A.P.E.L est l&rsquo;association des parents d&rsquo;\u00e9l\u00e8ves. Les parents qui y sont b\u00e9n\u00e9voles participent \u00e0 l&rsquo;\u00e9laboration du projet d&rsquo;\u00e9cole ainsi qu&rsquo;\u00e0 l&rsquo;animation de l&rsquo;\u00e9tablissement, ils organisent des ventes, la kermesse, les sorties scolaires&#8230; Les membres avancent en \u00e9troite collaboration avec l&rsquo;O.G.E.C, le chef d&rsquo;\u00e9tablissement et l&rsquo;\u00e9quipe enseignante afin de permettre aux enfants de vivre leur scolarit\u00e9<\/p>\n<p><a href=\"https:\/\/ecole-saint-aubin.fr\/index.php\/presentation-de-lapel\/\" class=\"more-link themebutton\">Lire la suite<\/a><\/p>\n","protected":false},"author":2,"featured_media":0,"parent":0,"menu_order":0,"comment_status":"closed","ping_status":"closed","template":"","meta":{"ngg_post_thumbnail":0,"footnotes":""},"_links":{"self":[{"href":"https:\/\/ecole-saint-aubin.fr\/index.php\/wp-json\/wp\/v2\/pages\/3717"}],"collection":[{"href":"https:\/\/ecole-saint-aubin.fr\/index.php\/wp-json\/wp\/v2\/pages"}],"about":[{"href":"https:\/\/ecole-saint-aubin.fr\/index.php\/wp-json\/wp\/v2\/types\/page"}],"author":[{"embeddable":true,"href":"https:\/\/ecole-saint-aubin.fr\/index.php\/wp-json\/wp\/v2\/users\/2"}],"replies":[{"embeddable":true,"href":"https:\/\/ecole-saint-aubin.fr\/index.php\/wp-json\/wp\/v2\/comments?post=3717"}],"version-history":[{"count":14,"href":"https:\/\/ecole-saint-aubin.fr\/index.php\/wp-json\/wp\/v2\/pages\/3717\/revisions"}],"predecessor-version":[{"id":10958,"href":"https:\/\/ecole-saint-aubin.fr\/index.php\/wp-json\/wp\/v2\/pages\/3717\/revisions\/10958"}],"wp:attachment":[{"href":"https:\/\/ecole-saint-aubin.fr\/index.php\/wp-json\/wp\/v2\/media?parent=3717"}],"curies":[{"name":"wp","href":"https:\/\/api.w.org\/{rel}","templated":true}]}}