{"id":3699,"date":"2018-02-21T09:29:28","date_gmt":"2018-02-21T08:29:28","guid":{"rendered":"https:\/\/ecole-saint-aubin.fr\/?page_id=3699"},"modified":"2019-10-06T14:37:24","modified_gmt":"2019-10-06T12:37:24","slug":"la-vie-de-lecole","status":"publish","type":"page","link":"https:\/\/ecole-saint-aubin.fr\/index.php\/la-vie-de-lecole\/","title":{"rendered":"La vie de l&rsquo;\u00e9cole"},"content":{"rendered":"<p><span style=\"color: #ff00ff;\"><strong><em>PROJET D&rsquo;ANNEE<\/em><\/strong><\/span><\/p>\n<h2>&nbsp;<\/h2>\n<h2 style=\"text-align: center;\"><strong><span style=\"color: #339966;\">LA CULTURE ET LE PATRIMOINE DE NOS REGIONS FRAN\u00c7AISES&nbsp;<\/span><\/strong><\/h2>\n<h4 style=\"text-align: center;\"><strong> <img loading=\"lazy\" decoding=\"async\" class=\"irc_mi aligncenter\" src=\"https:\/\/www.regions-et-departements.fr\/images\/carte-regions-francaises.jpg\" alt=\"R\u00e9sultat de recherche d'images pour &quot;les r\u00e9gions fran\u00e7aises&quot;\" width=\"400\" height=\"314\"><\/strong><\/h4>\n<h4>&nbsp;<\/h4>\n<h4 style=\"text-align: center;\"><strong>Chaque p\u00e9riode, les classes de l&rsquo;\u00e9cole St Aubin d\u00e9couvriront une m\u00eame r\u00e9gion. Lors de temps de rassemblement d&rsquo;\u00e9cole, les \u00e9l\u00e8ves pr\u00e9senteront un aspect de ce territoire fran\u00e7ais, un monument, un artiste, une coutume, le drapeau, une chanson, une sp\u00e9cialit\u00e9 culinaire&#8230; L&rsquo;objectif \u00e9tant de permettre \u00e0 tous les enfants d&rsquo;acqu\u00e9rir une culture commune \u00e0 travers l&rsquo;art et le patrimoine culturel de la France. Ce projet est transdisciplinaire, car il va convoquer le langage oral et \u00e9crit, \u00e0 travers des d\u00e9couvertes g\u00e9ographiques et historiques mais aussi artistiques, musicales et sensorielles. <\/strong><\/h4>\n<h2>&nbsp;<\/h2>\n<h2 style=\"text-align: center;\"><strong><em>LE DEFI CARTES POSTALES<\/em><\/strong><\/h2>\n<h2 style=\"text-align: center;\"><strong>  <a href=\"https:\/\/ecole-saint-aubin.fr\/wp-content\/uploads\/2019\/10\/carte-postale-france_2.jpg\"><img loading=\"lazy\" decoding=\"async\" class=\"size-medium wp-image-7395 aligncenter\" src=\"https:\/\/ecole-saint-aubin.fr\/wp-content\/uploads\/2019\/10\/carte-postale-france_2-300x213.jpg\" alt=\"\" width=\"300\" height=\"213\" srcset=\"https:\/\/ecole-saint-aubin.fr\/wp-content\/uploads\/2019\/10\/carte-postale-france_2-300x213.jpg 300w, https:\/\/ecole-saint-aubin.fr\/wp-content\/uploads\/2019\/10\/carte-postale-france_2-768x545.jpg 768w, https:\/\/ecole-saint-aubin.fr\/wp-content\/uploads\/2019\/10\/carte-postale-france_2.jpg 842w\" sizes=\"(max-width: 300px) 100vw, 300px\" \/><\/a> <a href=\"https:\/\/ecole-saint-aubin.fr\/wp-content\/uploads\/2019\/10\/carte-pos.png\"><img loading=\"lazy\" decoding=\"async\" class=\"alignnone size-medium wp-image-7397\" src=\"https:\/\/ecole-saint-aubin.fr\/wp-content\/uploads\/2019\/10\/carte-pos-300x176.png\" alt=\"\" width=\"300\" height=\"176\" srcset=\"https:\/\/ecole-saint-aubin.fr\/wp-content\/uploads\/2019\/10\/carte-pos-300x176.png 300w, https:\/\/ecole-saint-aubin.fr\/wp-content\/uploads\/2019\/10\/carte-pos.png 547w\" sizes=\"(max-width: 300px) 100vw, 300px\" \/><\/a> <\/strong><\/h2>\n<h4 style=\"text-align: center;\"><strong>Nous invitons chaque enfant de l&rsquo;\u00e9cole, d\u00e8s qu&rsquo;il part se balader en France, pour le weekend, pour des vacances, \u00e0 envoyer une carte postale \u00e0 l&rsquo;\u00e9cole St Aubin. L&rsquo;objectif \u00e9tant de faire voyager toute l&rsquo;\u00e9cole en France. La carte postale permet \u00e0 la fois de faire d\u00e9couvrir des paysages, des monuments, par le biais des images, mais c&rsquo;est aussi et surtout une bonne mani\u00e8re de faire \u00e9crire les enfants, de leur faire raconter ce qu&rsquo;ils ont vu, appris, d\u00e9couvert, ce qu&rsquo;ils ont envie de faire partager&#8230; Les cartes re\u00e7ues \u00e0 l&rsquo;\u00e9cole seront lues dans les classes, puis <\/strong><b>accroch\u00e9es autour de la carte de France, sur le tableau de la cour. Ainsi, les \u00e9l\u00e8ves pourront tous en profiter. <\/b><\/h4>\n","protected":false},"excerpt":{"rendered":"<p>PROJET D&rsquo;ANNEE &nbsp; LA CULTURE ET LE PATRIMOINE DE NOS REGIONS FRAN\u00c7AISES&nbsp; &nbsp; Chaque p\u00e9riode, les classes de l&rsquo;\u00e9cole St Aubin d\u00e9couvriront une m\u00eame r\u00e9gion. Lors de temps de rassemblement d&rsquo;\u00e9cole, les \u00e9l\u00e8ves pr\u00e9senteront un aspect de ce territoire fran\u00e7ais, un monument, un artiste, une coutume, le drapeau, une chanson, une sp\u00e9cialit\u00e9 culinaire&#8230; L&rsquo;objectif \u00e9tant<\/p>\n<p><a href=\"https:\/\/ecole-saint-aubin.fr\/index.php\/la-vie-de-lecole\/\" class=\"more-link themebutton\">Lire la suite<\/a><\/p>\n","protected":false},"author":2,"featured_media":0,"parent":0,"menu_order":0,"comment_status":"closed","ping_status":"closed","template":"","meta":{"ngg_post_thumbnail":0,"footnotes":""},"_links":{"self":[{"href":"https:\/\/ecole-saint-aubin.fr\/index.php\/wp-json\/wp\/v2\/pages\/3699"}],"collection":[{"href":"https:\/\/ecole-saint-aubin.fr\/index.php\/wp-json\/wp\/v2\/pages"}],"about":[{"href":"https:\/\/ecole-saint-aubin.fr\/index.php\/wp-json\/wp\/v2\/types\/page"}],"author":[{"embeddable":true,"href":"https:\/\/ecole-saint-aubin.fr\/index.php\/wp-json\/wp\/v2\/users\/2"}],"replies":[{"embeddable":true,"href":"https:\/\/ecole-saint-aubin.fr\/index.php\/wp-json\/wp\/v2\/comments?post=3699"}],"version-history":[{"count":4,"href":"https:\/\/ecole-saint-aubin.fr\/index.php\/wp-json\/wp\/v2\/pages\/3699\/revisions"}],"predecessor-version":[{"id":7399,"href":"https:\/\/ecole-saint-aubin.fr\/index.php\/wp-json\/wp\/v2\/pages\/3699\/revisions\/7399"}],"wp:attachment":[{"href":"https:\/\/ecole-saint-aubin.fr\/index.php\/wp-json\/wp\/v2\/media?parent=3699"}],"curies":[{"name":"wp","href":"https:\/\/api.w.org\/{rel}","templated":true}]}}