{"id":3698,"date":"2018-02-21T09:29:28","date_gmt":"2018-02-21T08:29:28","guid":{"rendered":"https:\/\/ecole-saint-aubin.fr\/?page_id=3698"},"modified":"2022-02-13T18:09:53","modified_gmt":"2022-02-13T17:09:53","slug":"apel","status":"publish","type":"page","link":"https:\/\/ecole-saint-aubin.fr\/index.php\/apel\/","title":{"rendered":"APEL"},"content":{"rendered":"<h2 style=\"text-align: center;\"><strong><span style=\"color: #00ccff;\">L&rsquo;A.P.E.L est l&rsquo;association des parents d&rsquo;\u00e9l\u00e8ves. <\/span><\/strong><\/h2>\n<p style=\"text-align: center;\"><a href=\"http:\/\/ecole-saint-aubin.fr\/wp-content\/uploads\/2016\/01\/apel-965x1024.jpg\"><img loading=\"lazy\" decoding=\"async\" class=\"alignnone wp-image-2028\" src=\"http:\/\/ecole-saint-aubin.fr\/wp-content\/uploads\/2016\/01\/apel-965x1024-283x300.jpg\" alt=\"\" width=\"323\" height=\"343\" srcset=\"https:\/\/ecole-saint-aubin.fr\/wp-content\/uploads\/2016\/01\/apel-965x1024-283x300.jpg 283w, https:\/\/ecole-saint-aubin.fr\/wp-content\/uploads\/2016\/01\/apel-965x1024-768x815.jpg 768w, https:\/\/ecole-saint-aubin.fr\/wp-content\/uploads\/2016\/01\/apel-965x1024.jpg 965w\" sizes=\"(max-width: 323px) 100vw, 323px\" \/><\/a><br \/>\nLes parents qui y sont b\u00e9n\u00e9voles participent \u00e0 l&rsquo;\u00e9laboration du projet d&rsquo;\u00e9cole ainsi qu&rsquo;\u00e0 l&rsquo;animation de l&rsquo;\u00e9tablissement, ils organisent des ventes, la kermesse, les sorties scolaires&#8230;<\/p>\n<p>Les membres avancent en \u00e9troite collaboration avec l&rsquo;O.G.E.C, le chef d&rsquo;\u00e9tablissement et l&rsquo;\u00e9quipe enseignante afin de permettre aux enfants de vivre leur scolarit\u00e9 dans les conditions les plus accueillantes et les plus riches humainement, culturellement et intellectuellement possibles.<\/p>\n<h2 style=\"text-align: center;\"><span style=\"color: #ff6600;\"><strong>MEMBRES DU BUREAU:<\/strong> <\/span><\/h2>\n<div>\n<div dir=\"ltr\">\n<div dir=\"ltr\">\n<p>\u2022<strong> Pr\u00e9sidente<\/strong> : Yasmine Lefeuvre. Maman de Ferdinand en classe de GS<br \/>\n\u2022 <strong>Vice -Pr\u00e9sidente<\/strong> : Nad\u00e8ge Bidaud maman de Ma\u00eblys en CE2 et Camille en PS<br \/>\n\u2022 <strong>Secr\u00e9taire<\/strong> : Maud Melczer. Maman de Ma\u00ebl en CP et H\u00e9lo\u00efse en PS<br \/>\n\u2022 <strong>Vice-Secr\u00e9taire<\/strong> : Soizic Godfroy, Maman de Yana\u00ebl en CP et Elouan en PS<br \/>\n\u2022 <strong>Tr\u00e9sori\u00e8re<\/strong> : St\u00e9phanie Fr\u00e9tillet, Maman de Yanis en GS<br \/>\n\u2022 <strong>Vice-tr\u00e9sori\u00e8re<\/strong> : Cathy Lebeau, Maman de N\u00e9o en GS et Tom en PS<\/p>\n<\/div>\n<\/div>\n<\/div>\n<p>&nbsp;<\/p>\n<h3 style=\"text-align: center;\"><strong><span style=\"color: #00ff00;\">Si vous souhaitez rejoindre le bureau, n&rsquo;h\u00e9sitez pas \u00e0 contacter l&rsquo;une de ces personnes, le chef d&rsquo;\u00e9tablissement ou \u00e0 envoyer un mail \u00e0 apelstaubin44810@gmail.com .<\/span><\/strong><\/h3>\n","protected":false},"excerpt":{"rendered":"<p>L&rsquo;A.P.E.L est l&rsquo;association des parents d&rsquo;\u00e9l\u00e8ves. Les parents qui y sont b\u00e9n\u00e9voles participent \u00e0 l&rsquo;\u00e9laboration du projet d&rsquo;\u00e9cole ainsi qu&rsquo;\u00e0 l&rsquo;animation de l&rsquo;\u00e9tablissement, ils organisent des ventes, la kermesse, les sorties scolaires&#8230; Les membres avancent en \u00e9troite collaboration avec l&rsquo;O.G.E.C, le chef d&rsquo;\u00e9tablissement et l&rsquo;\u00e9quipe enseignante afin de permettre aux enfants de vivre leur scolarit\u00e9<\/p>\n<p><a href=\"https:\/\/ecole-saint-aubin.fr\/index.php\/apel\/\" class=\"more-link themebutton\">Lire la suite<\/a><\/p>\n","protected":false},"author":2,"featured_media":0,"parent":0,"menu_order":0,"comment_status":"closed","ping_status":"closed","template":"","meta":{"ngg_post_thumbnail":0,"footnotes":""},"_links":{"self":[{"href":"https:\/\/ecole-saint-aubin.fr\/index.php\/wp-json\/wp\/v2\/pages\/3698"}],"collection":[{"href":"https:\/\/ecole-saint-aubin.fr\/index.php\/wp-json\/wp\/v2\/pages"}],"about":[{"href":"https:\/\/ecole-saint-aubin.fr\/index.php\/wp-json\/wp\/v2\/types\/page"}],"author":[{"embeddable":true,"href":"https:\/\/ecole-saint-aubin.fr\/index.php\/wp-json\/wp\/v2\/users\/2"}],"replies":[{"embeddable":true,"href":"https:\/\/ecole-saint-aubin.fr\/index.php\/wp-json\/wp\/v2\/comments?post=3698"}],"version-history":[{"count":2,"href":"https:\/\/ecole-saint-aubin.fr\/index.php\/wp-json\/wp\/v2\/pages\/3698\/revisions"}],"predecessor-version":[{"id":10396,"href":"https:\/\/ecole-saint-aubin.fr\/index.php\/wp-json\/wp\/v2\/pages\/3698\/revisions\/10396"}],"wp:attachment":[{"href":"https:\/\/ecole-saint-aubin.fr\/index.php\/wp-json\/wp\/v2\/media?parent=3698"}],"curies":[{"name":"wp","href":"https:\/\/api.w.org\/{rel}","templated":true}]}}