{"id":3697,"date":"2018-02-21T09:29:28","date_gmt":"2018-02-21T08:29:28","guid":{"rendered":"https:\/\/ecole-saint-aubin.fr\/?page_id=3697"},"modified":"2022-02-13T18:35:39","modified_gmt":"2022-02-13T17:35:39","slug":"ogec","status":"publish","type":"page","link":"https:\/\/ecole-saint-aubin.fr\/index.php\/ogec\/","title":{"rendered":"OGEC"},"content":{"rendered":"<p><a href=\"https:\/\/ecole-saint-aubin.fr\/wp-content\/uploads\/2021\/02\/Logo-OGEC.png\"><img loading=\"lazy\" decoding=\"async\" class=\"size-full wp-image-9361 aligncenter\" src=\"https:\/\/ecole-saint-aubin.fr\/wp-content\/uploads\/2021\/02\/Logo-OGEC.png\" alt=\"\" width=\"136\" height=\"100\"><\/a><\/p>\n<h2 style=\"text-align: center;\"><span style=\"color: #00ccff;\"><strong>L&rsquo;O.G.E.C est l&rsquo;organisme de gestion de l&rsquo;enseignement catholique. <\/strong><\/span><\/h2>\n<p>L&rsquo;OGEC de la Chevallerais&nbsp; a pour r\u00f4le la gestion administrative et financi\u00e8re de l&rsquo;\u00e9cole, en \u00e9troite collaboration avec le chef d&rsquo;\u00e9tablissement.<\/p>\n<p>&nbsp;<\/p>\n<p><a href=\"https:\/\/ecole-saint-aubin.fr\/wp-content\/uploads\/2021\/02\/OGEC.png\"><img loading=\"lazy\" decoding=\"async\" class=\"size-full wp-image-9364 aligncenter\" src=\"https:\/\/ecole-saint-aubin.fr\/wp-content\/uploads\/2021\/02\/OGEC.png\" alt=\"\" width=\"400\" height=\"360\" srcset=\"https:\/\/ecole-saint-aubin.fr\/wp-content\/uploads\/2021\/02\/OGEC.png 400w, https:\/\/ecole-saint-aubin.fr\/wp-content\/uploads\/2021\/02\/OGEC-300x270.png 300w\" sizes=\"(max-width: 400px) 100vw, 400px\" \/><\/a><\/p>\n<p>Les postes les plus importants sont les suivants :<\/p>\n<ul>\n<li>gestion des recettes (contribution familles et commune, autres recettes),<\/li>\n<li>gestion des d\u00e9penses (eau, \u00e9lectricit\u00e9, copieur, fournitures p\u00e9dagogiques),<\/li>\n<li>gestion du personnel non enseignant (versement des salaires, formation, entretien annuel&#8230;),<\/li>\n<li>mise en conformit\u00e9 avec la r\u00e8glementation (contr\u00f4le Apave, qualit\u00e9 de l&rsquo;air, acc\u00e8s personne \u00e0 mobilit\u00e9 r\u00e9duite),<\/li>\n<li>d\u00e9p\u00f4t de demande de travaux (ex : toiture, portail).<\/li>\n<\/ul>\n<p>Nos partenaires principaux sont :<\/p>\n<ul>\n<li>l&rsquo;Udogec &#8211; Union D\u00e9partementale des Organismes de Gestion de Loire Atlantique, pour toutes les questions relatives au droit du travail, \u00e0 la r\u00e8glementation des b\u00e2timents&#8230;.<\/li>\n<li>la commune de la Chevallerais<\/li>\n<li>et bien s\u00fbr, l&rsquo;Apel.<\/li>\n<\/ul>\n<p>Nous sommes une petite association, les liens avec l&rsquo;Apel et les parents de l&rsquo;\u00e9cole sont tr\u00e8s \u00e9troits et souvent informels.<\/p>\n<p>L&rsquo;Ogec se r\u00e9unit r\u00e9guli\u00e8rement (environ huit fois par an) et renouvelle son conseil d&rsquo;administration en assembl\u00e9e g\u00e9n\u00e9rale chaque d\u00e9but d&rsquo;ann\u00e9e scolaire.<\/p>\n<hr>\n<p><strong>Composition du bureau:<\/strong><\/p>\n<p><b>Pr\u00e9sidente<\/b>: C\u00e9cile GUERIN&nbsp;<\/p>\n<p><b>&nbsp;Secr\u00e9taire<\/b>: C\u00e9cile GUERIN<\/p>\n<p><b>Tr\u00e9sori\u00e8re<\/b>: Gw\u00e9na\u00eblle EPIARD<\/p>\n<p><strong>Vice tr\u00e9sori\u00e8re:<\/strong> Eug\u00e9nie OLIVEIRA<\/p>\n<p>&nbsp;<\/p>\n<p>Adresse mail: <a href=\"mailto:ogeclachevallerais@gmail.com\"><span class=\"qu\" tabindex=\"-1\" role=\"gridcell\"><span class=\"go\">ogeclachevallerais@gmail.com<\/span><\/span><\/a><\/p>\n<hr>\n<p><strong>Rapport d&rsquo;activit\u00e9:<\/strong><\/p>\n<p><strong><a href=\"https:\/\/ecole-saint-aubin.fr\/wp-content\/uploads\/2022\/02\/20211109-RA-OGEC_APEL-2020_2021_commente.pdf\">20211109 RA OGEC_APEL 2020_2021_comment\u00e9<\/a><\/strong><\/p>\n<p><a href=\"https:\/\/ecole-saint-aubin.fr\/wp-content\/uploads\/2021\/02\/20201016-RA-OGEC-2019_2020.pdf\">20201016 RA OGEC 2019_2020<\/a><\/p>\n<hr>\n<p><strong>Documents de pr\u00e9sentation:<\/strong><\/p>\n<p><a href=\"https:\/\/ecole-saint-aubin.fr\/wp-content\/uploads\/2021\/02\/diaporama-ecole-version-1.pptx\">diaporama \u00e9cole version 1<\/a><\/p>\n<p><a href=\"https:\/\/ecole-saint-aubin.fr\/wp-content\/uploads\/2021\/02\/flyer-apel-ogec.pdf\">flyer apel ogec<\/a><\/p>\n","protected":false},"excerpt":{"rendered":"<p>L&rsquo;O.G.E.C est l&rsquo;organisme de gestion de l&rsquo;enseignement catholique. L&rsquo;OGEC de la Chevallerais&nbsp; a pour r\u00f4le la gestion administrative et financi\u00e8re de l&rsquo;\u00e9cole, en \u00e9troite collaboration avec le chef d&rsquo;\u00e9tablissement. &nbsp; Les postes les plus importants sont les suivants : gestion des recettes (contribution familles et commune, autres recettes), gestion des d\u00e9penses (eau, \u00e9lectricit\u00e9, copieur, fournitures<\/p>\n<p><a href=\"https:\/\/ecole-saint-aubin.fr\/index.php\/ogec\/\" class=\"more-link themebutton\">Lire la suite<\/a><\/p>\n","protected":false},"author":2,"featured_media":0,"parent":0,"menu_order":0,"comment_status":"closed","ping_status":"closed","template":"","meta":{"ngg_post_thumbnail":0,"footnotes":""},"_links":{"self":[{"href":"https:\/\/ecole-saint-aubin.fr\/index.php\/wp-json\/wp\/v2\/pages\/3697"}],"collection":[{"href":"https:\/\/ecole-saint-aubin.fr\/index.php\/wp-json\/wp\/v2\/pages"}],"about":[{"href":"https:\/\/ecole-saint-aubin.fr\/index.php\/wp-json\/wp\/v2\/types\/page"}],"author":[{"embeddable":true,"href":"https:\/\/ecole-saint-aubin.fr\/index.php\/wp-json\/wp\/v2\/users\/2"}],"replies":[{"embeddable":true,"href":"https:\/\/ecole-saint-aubin.fr\/index.php\/wp-json\/wp\/v2\/comments?post=3697"}],"version-history":[{"count":3,"href":"https:\/\/ecole-saint-aubin.fr\/index.php\/wp-json\/wp\/v2\/pages\/3697\/revisions"}],"predecessor-version":[{"id":10399,"href":"https:\/\/ecole-saint-aubin.fr\/index.php\/wp-json\/wp\/v2\/pages\/3697\/revisions\/10399"}],"wp:attachment":[{"href":"https:\/\/ecole-saint-aubin.fr\/index.php\/wp-json\/wp\/v2\/media?parent=3697"}],"curies":[{"name":"wp","href":"https:\/\/api.w.org\/{rel}","templated":true}]}}