{"id":3346,"date":"2018-01-14T19:53:04","date_gmt":"2018-01-14T18:53:04","guid":{"rendered":"https:\/\/ecole-saint-aubin.fr\/?page_id=3346"},"modified":"2026-02-01T22:24:32","modified_gmt":"2026-02-01T21:24:32","slug":"cantine","status":"publish","type":"page","link":"https:\/\/ecole-saint-aubin.fr\/index.php\/cantine\/","title":{"rendered":"Cantine"},"content":{"rendered":"<div>\n<h3 style=\"text-align: center;\"><span style=\"color: #ff6600;\">LES MENUS<\/span><\/h3>\n<p><a href=\"https:\/\/lachevallerais.fr\/menus-cantine\/\">https:\/\/lachevallerais.fr\/menus-cantine\/<\/a><\/p>\n<\/div>\n<h3><span style=\"color: #ff6600;\">Pr\u00e9sentation<\/span><\/h3>\n<p><strong>Le restaurant scolaire municipal<\/strong>, \u00ab&nbsp;Les Diables au Thym&nbsp;\u00bb, accueille environ&nbsp;210 \u00e9l\u00e8ves dans un b\u00e2timent de 400 m\u00b2. Il est mis \u00e0 disposition des \u00e9l\u00e8ves des \u00e9coles maternelles et \u00e9l\u00e9mentaires de l\u2019Ecol\u2019eau (\u00e9cole publique) et de Saint-Aubin (\u00e9cole priv\u00e9e) pour le repas du midi.<\/p>\n<p>Les repas sont d\u00e9sormais concoct\u00e9s sur place par un chef et son assistante. Les produits sont pour la plupart bio et le plus possible achet\u00e9s dans la r\u00e9gion.<\/p>\n<p style=\"text-align: center;\"><img loading=\"lazy\" decoding=\"async\" class=\"\" src=\"https:\/\/lachevallerais.fr\/wp-content\/uploads\/2025\/03\/IMG_7036-1024x768.jpg\" width=\"353\" height=\"265\"><\/p>\n<p style=\"text-align: right;\">(source: site internet de la mairie de la Chevallerais:&nbsp;<a href=\"https:\/\/lachevallerais.fr\/restaurant-scolaire\/\">https:\/\/lachevallerais.fr\/restaurant-scolaire\/<\/a>)<\/p>\n<p>&nbsp;<\/p>\n","protected":false},"excerpt":{"rendered":"<p>LES MENUS https:\/\/lachevallerais.fr\/menus-cantine\/ Pr\u00e9sentation Le restaurant scolaire municipal, \u00ab&nbsp;Les Diables au Thym&nbsp;\u00bb, accueille environ&nbsp;210 \u00e9l\u00e8ves dans un b\u00e2timent de 400 m\u00b2. Il est mis \u00e0 disposition des \u00e9l\u00e8ves des \u00e9coles maternelles et \u00e9l\u00e9mentaires de l\u2019Ecol\u2019eau (\u00e9cole publique) et de Saint-Aubin (\u00e9cole priv\u00e9e) pour le repas du midi. Les repas sont d\u00e9sormais concoct\u00e9s sur place par<\/p>\n<p><a href=\"https:\/\/ecole-saint-aubin.fr\/index.php\/cantine\/\" class=\"more-link themebutton\">Lire la suite<\/a><\/p>\n","protected":false},"author":7,"featured_media":0,"parent":0,"menu_order":0,"comment_status":"closed","ping_status":"closed","template":"","meta":{"ngg_post_thumbnail":0,"footnotes":""},"_links":{"self":[{"href":"https:\/\/ecole-saint-aubin.fr\/index.php\/wp-json\/wp\/v2\/pages\/3346"}],"collection":[{"href":"https:\/\/ecole-saint-aubin.fr\/index.php\/wp-json\/wp\/v2\/pages"}],"about":[{"href":"https:\/\/ecole-saint-aubin.fr\/index.php\/wp-json\/wp\/v2\/types\/page"}],"author":[{"embeddable":true,"href":"https:\/\/ecole-saint-aubin.fr\/index.php\/wp-json\/wp\/v2\/users\/7"}],"replies":[{"embeddable":true,"href":"https:\/\/ecole-saint-aubin.fr\/index.php\/wp-json\/wp\/v2\/comments?post=3346"}],"version-history":[{"count":24,"href":"https:\/\/ecole-saint-aubin.fr\/index.php\/wp-json\/wp\/v2\/pages\/3346\/revisions"}],"predecessor-version":[{"id":12355,"href":"https:\/\/ecole-saint-aubin.fr\/index.php\/wp-json\/wp\/v2\/pages\/3346\/revisions\/12355"}],"wp:attachment":[{"href":"https:\/\/ecole-saint-aubin.fr\/index.php\/wp-json\/wp\/v2\/media?parent=3346"}],"curies":[{"name":"wp","href":"https:\/\/api.w.org\/{rel}","templated":true}]}}