{"id":3118,"date":"2017-12-14T09:55:57","date_gmt":"2017-12-14T08:55:57","guid":{"rendered":"https:\/\/ecole-saint-aubin.fr\/?page_id=3118"},"modified":"2025-07-15T17:25:34","modified_gmt":"2025-07-15T15:25:34","slug":"horaires-et-absences","status":"publish","type":"page","link":"https:\/\/ecole-saint-aubin.fr\/index.php\/horaires-et-absences\/","title":{"rendered":"Horaires et absences"},"content":{"rendered":"<h1 style=\"text-align: center;\"><strong>Ecole le lundi, mardi, jeudi et vendredi<\/strong><\/h1>\n<h2><span style=\"color: #008000;\">Matin<\/span><\/h2>\n<p>8h45-11h55<\/p>\n<h2><span style=\"color: #008000;\">Apr\u00e8s- midi:<\/span><\/h2>\n<p>13h30-16h35<\/p>\n<p><strong><em><span style=\"font-size: 16px;\">L\u2019accueil est assur\u00e9 dans les classes \u00e0 partir de 8h35 et le midi \u00e0 partir de 13h20 sur la cour.<\/span><\/em><\/strong><\/p>\n<ul>\n<li>En cas d\u2019absence, pr\u00e9venir l\u2019\u00e9cole le matin m\u00eame de pr\u00e9f\u00e9rence par mail \u00e0 l&rsquo;adresse <strong>ec.chevallerais.st-aubin@e44.fr<\/strong> ou en laissant un message au&nbsp;<strong>02.40.79.12.51.<\/strong><\/li>\n<\/ul>\n","protected":false},"excerpt":{"rendered":"<p>Ecole le lundi, mardi, jeudi et vendredi Matin 8h45-11h55 Apr\u00e8s- midi: 13h30-16h35 L\u2019accueil est assur\u00e9 dans les classes \u00e0 partir de 8h35 et le midi \u00e0 partir de 13h20 sur la cour. En cas d\u2019absence, pr\u00e9venir l\u2019\u00e9cole le matin m\u00eame de pr\u00e9f\u00e9rence par mail \u00e0 l&rsquo;adresse ec.chevallerais.st-aubin@e44.fr ou en laissant un message au&nbsp;02.40.79.12.51.<\/p>\n","protected":false},"author":10,"featured_media":0,"parent":0,"menu_order":0,"comment_status":"closed","ping_status":"closed","template":"","meta":{"ngg_post_thumbnail":0,"footnotes":""},"_links":{"self":[{"href":"https:\/\/ecole-saint-aubin.fr\/index.php\/wp-json\/wp\/v2\/pages\/3118"}],"collection":[{"href":"https:\/\/ecole-saint-aubin.fr\/index.php\/wp-json\/wp\/v2\/pages"}],"about":[{"href":"https:\/\/ecole-saint-aubin.fr\/index.php\/wp-json\/wp\/v2\/types\/page"}],"author":[{"embeddable":true,"href":"https:\/\/ecole-saint-aubin.fr\/index.php\/wp-json\/wp\/v2\/users\/10"}],"replies":[{"embeddable":true,"href":"https:\/\/ecole-saint-aubin.fr\/index.php\/wp-json\/wp\/v2\/comments?post=3118"}],"version-history":[{"count":10,"href":"https:\/\/ecole-saint-aubin.fr\/index.php\/wp-json\/wp\/v2\/pages\/3118\/revisions"}],"predecessor-version":[{"id":12341,"href":"https:\/\/ecole-saint-aubin.fr\/index.php\/wp-json\/wp\/v2\/pages\/3118\/revisions\/12341"}],"wp:attachment":[{"href":"https:\/\/ecole-saint-aubin.fr\/index.php\/wp-json\/wp\/v2\/media?parent=3118"}],"curies":[{"name":"wp","href":"https:\/\/api.w.org\/{rel}","templated":true}]}}